{"id":1297,"date":"2024-10-09T15:56:13","date_gmt":"2024-10-09T13:56:13","guid":{"rendered":"https:\/\/ja33.fr\/?page_id=1297"},"modified":"2024-10-09T15:56:15","modified_gmt":"2024-10-09T13:56:15","slug":"prestations-de-communication","status":"publish","type":"page","link":"https:\/\/ja33.fr\/?page_id=1297","title":{"rendered":"Prestations de Communication"},"content":{"rendered":"\n<p>Vous voulez d\u00e9velopper du contenu pour vos r\u00e9seaux sociaux ? Cr\u00e9er un site web ? Ou tout simplement une charte graphique ?<\/p>\n\n\n\n<p>Depuis 2023, le syndicat des JA Gironde vous propose cette prestation. L&rsquo;objectif est de vous aider \u00e0 se lancer dans la cr\u00e9ation de contenus digitaux. C&rsquo;est aujourd&rsquo;hui un moyen essentiel de toucher sa client\u00e8le et de la fid\u00e9liser.<\/p>\n\n\n\n<p>Pour ce faire, notre alternant en communication vous propose diff\u00e9rentes prestations pour vous aider \u00e0 vous lancer.&nbsp;<\/p>\n\n\n\n<h2 class=\"wp-block-heading has-text-align-center\">Nos tarifs et formules<\/h2>\n\n\n\n<div class=\"wp-block-columns is-layout-flex wp-container-core-columns-is-layout-28f84493 wp-block-columns-is-layout-flex\">\n<div class=\"wp-block-column is-layout-flow wp-block-column-is-layout-flow\">\n<figure class=\"wp-block-image size-large\"><img fetchpriority=\"high\" decoding=\"async\" width=\"724\" height=\"1024\" src=\"https:\/\/ja33.fr\/wp-content\/uploads\/2024\/10\/Flyers-presta-de-services-724x1024.png\" alt=\"\" class=\"wp-image-1387\" srcset=\"https:\/\/ja33.fr\/wp-content\/uploads\/2024\/10\/Flyers-presta-de-services-724x1024.png 724w, https:\/\/ja33.fr\/wp-content\/uploads\/2024\/10\/Flyers-presta-de-services-212x300.png 212w, https:\/\/ja33.fr\/wp-content\/uploads\/2024\/10\/Flyers-presta-de-services.png 1414w\" sizes=\"(max-width: 724px) 100vw, 724px\" \/><\/figure>\n<\/div>\n\n\n\n<div class=\"wp-block-column is-layout-flow wp-block-column-is-layout-flow\">\n<figure class=\"wp-block-image size-large\"><img decoding=\"async\" width=\"724\" height=\"1024\" src=\"https:\/\/ja33.fr\/wp-content\/uploads\/2024\/10\/Flyers-presta-de-services-1-724x1024.png\" alt=\"\" class=\"wp-image-1388\" srcset=\"https:\/\/ja33.fr\/wp-content\/uploads\/2024\/10\/Flyers-presta-de-services-1-724x1024.png 724w, https:\/\/ja33.fr\/wp-content\/uploads\/2024\/10\/Flyers-presta-de-services-1-212x300.png 212w, https:\/\/ja33.fr\/wp-content\/uploads\/2024\/10\/Flyers-presta-de-services-1.png 1414w\" sizes=\"(max-width: 724px) 100vw, 724px\" \/><\/figure>\n<\/div>\n<\/div>\n\n\n\n<p class=\"has-text-align-left\">Si vous \u00eates int\u00e9ress\u00e9 par ces prestations de communication ou si vous souhaitez avoir plus de pr\u00e9cisions, vous pouvez contacter le syndicat des JA Gironde : <br>Par t\u00e9l\u00e9phone : 06 73 77 04 48<br>Par mail : jeunesagriculteurs33@gmail.com<\/p>\n\n\n\n<p><\/p>\n","protected":false},"excerpt":{"rendered":"<p>Vous voulez d\u00e9velopper du contenu pour vos r\u00e9seaux sociaux ? Cr\u00e9er un site web ? Ou tout simplement une charte graphique ? Depuis 2023, le syndicat des JA Gironde vous propose cette prestation. L&rsquo;objectif est de vous aider \u00e0 se lancer dans la cr\u00e9ation de contenus digitaux. C&rsquo;est aujourd&rsquo;hui un moyen essentiel de toucher sa &hellip; <\/p>\n<p class=\"link-more\"><a href=\"https:\/\/ja33.fr\/?page_id=1297\" class=\"more-link\">Lire la suite de<span class=\"screen-reader-text\">\u00ab\u00a0Prestations de Communication\u00a0\u00bb<\/span><\/a><\/p>\n","protected":false},"author":1,"featured_media":0,"parent":0,"menu_order":0,"comment_status":"closed","ping_status":"closed","template":"","meta":{"_seopress_robots_primary_cat":"","_seopress_titles_title":"","_seopress_titles_desc":"","_seopress_robots_index":"","footnotes":""},"class_list":["post-1297","page","type-page","status-publish","hentry"],"yoast_head":"<!-- This site is optimized with the Yoast SEO plugin v23.5 - https:\/\/yoast.com\/wordpress\/plugins\/seo\/ -->\n<title>Prestations de Communication - Jeunes Agriculteurs de Gironde<\/title>\n<meta name=\"description\" content=\"Depuis 2023, le syndicat des JA Gironde vous propose cette prestation. L&#039;objectif est de vous aider \u00e0 se lancer dans la cr\u00e9ation de contenus digitaux. C&#039;est aujourd&#039;hui un moyen essentiel de toucher sa client\u00e8le et de la fid\u00e9liser.\" \/>\n<meta name=\"robots\" content=\"index, follow, max-snippet:-1, max-image-preview:large, max-video-preview:-1\" \/>\n<link rel=\"canonical\" href=\"https:\/\/ja33.fr\/?page_id=1297\" \/>\n<meta property=\"og:locale\" content=\"fr_FR\" \/>\n<meta property=\"og:type\" content=\"article\" \/>\n<meta property=\"og:title\" content=\"Prestations de Communication - Jeunes Agriculteurs de Gironde\" \/>\n<meta property=\"og:description\" content=\"Depuis 2023, le syndicat des JA Gironde vous propose cette prestation. L&#039;objectif est de vous aider \u00e0 se lancer dans la cr\u00e9ation de contenus digitaux. C&#039;est aujourd&#039;hui un moyen essentiel de toucher sa client\u00e8le et de la fid\u00e9liser.\" \/>\n<meta property=\"og:url\" content=\"https:\/\/ja33.fr\/?page_id=1297\" \/>\n<meta property=\"og:site_name\" content=\"Jeunes Agriculteurs de Gironde\" \/>\n<meta property=\"article:modified_time\" content=\"2024-10-09T13:56:15+00:00\" \/>\n<meta property=\"og:image\" content=\"https:\/\/ja33.fr\/wp-content\/uploads\/2024\/10\/Flyers-presta-de-services-724x1024.png\" \/>\n<meta name=\"twitter:card\" content=\"summary_large_image\" \/>\n<meta name=\"twitter:label1\" content=\"Dur\u00e9e de lecture estim\u00e9e\" \/>\n\t<meta name=\"twitter:data1\" content=\"1 minute\" \/>\n<script type=\"application\/ld+json\" class=\"yoast-schema-graph\">{\"@context\":\"https:\/\/schema.org\",\"@graph\":[{\"@type\":\"WebPage\",\"@id\":\"https:\/\/ja33.fr\/?page_id=1297\",\"url\":\"https:\/\/ja33.fr\/?page_id=1297\",\"name\":\"Prestations de Communication - Jeunes Agriculteurs de Gironde\",\"isPartOf\":{\"@id\":\"https:\/\/ja33.fr\/#website\"},\"primaryImageOfPage\":{\"@id\":\"https:\/\/ja33.fr\/?page_id=1297#primaryimage\"},\"image\":{\"@id\":\"https:\/\/ja33.fr\/?page_id=1297#primaryimage\"},\"thumbnailUrl\":\"https:\/\/ja33.fr\/wp-content\/uploads\/2024\/10\/Flyers-presta-de-services-724x1024.png\",\"datePublished\":\"2024-10-09T13:56:13+00:00\",\"dateModified\":\"2024-10-09T13:56:15+00:00\",\"description\":\"Depuis 2023, le syndicat des JA Gironde vous propose cette prestation. L'objectif est de vous aider \u00e0 se lancer dans la cr\u00e9ation de contenus digitaux. C'est aujourd'hui un moyen essentiel de toucher sa client\u00e8le et de la fid\u00e9liser.\",\"breadcrumb\":{\"@id\":\"https:\/\/ja33.fr\/?page_id=1297#breadcrumb\"},\"inLanguage\":\"fr-FR\",\"potentialAction\":[{\"@type\":\"ReadAction\",\"target\":[\"https:\/\/ja33.fr\/?page_id=1297\"]}]},{\"@type\":\"ImageObject\",\"inLanguage\":\"fr-FR\",\"@id\":\"https:\/\/ja33.fr\/?page_id=1297#primaryimage\",\"url\":\"https:\/\/ja33.fr\/wp-content\/uploads\/2024\/10\/Flyers-presta-de-services.png\",\"contentUrl\":\"https:\/\/ja33.fr\/wp-content\/uploads\/2024\/10\/Flyers-presta-de-services.png\",\"width\":1414,\"height\":2000},{\"@type\":\"BreadcrumbList\",\"@id\":\"https:\/\/ja33.fr\/?page_id=1297#breadcrumb\",\"itemListElement\":[{\"@type\":\"ListItem\",\"position\":1,\"name\":\"Accueil\",\"item\":\"https:\/\/ja33.fr\/\"},{\"@type\":\"ListItem\",\"position\":2,\"name\":\"Prestations de Communication\"}]},{\"@type\":\"WebSite\",\"@id\":\"https:\/\/ja33.fr\/#website\",\"url\":\"https:\/\/ja33.fr\/\",\"name\":\"Jeunes Agriculteurs de Gironde\",\"description\":\"\",\"publisher\":{\"@id\":\"https:\/\/ja33.fr\/#organization\"},\"potentialAction\":[{\"@type\":\"SearchAction\",\"target\":{\"@type\":\"EntryPoint\",\"urlTemplate\":\"https:\/\/ja33.fr\/?s={search_term_string}\"},\"query-input\":{\"@type\":\"PropertyValueSpecification\",\"valueRequired\":true,\"valueName\":\"search_term_string\"}}],\"inLanguage\":\"fr-FR\"},{\"@type\":\"Organization\",\"@id\":\"https:\/\/ja33.fr\/#organization\",\"name\":\"Jeunes Agriculteurs de Gironde\",\"url\":\"https:\/\/ja33.fr\/\",\"logo\":{\"@type\":\"ImageObject\",\"inLanguage\":\"fr-FR\",\"@id\":\"https:\/\/ja33.fr\/#\/schema\/logo\/image\/\",\"url\":\"https:\/\/ja33.fr\/wp-content\/uploads\/2023\/11\/Logo_JA33_blanc.png\",\"contentUrl\":\"https:\/\/ja33.fr\/wp-content\/uploads\/2023\/11\/Logo_JA33_blanc.png\",\"width\":2235,\"height\":1955,\"caption\":\"Jeunes Agriculteurs de Gironde\"},\"image\":{\"@id\":\"https:\/\/ja33.fr\/#\/schema\/logo\/image\/\"}}]}<\/script>\n<!-- \/ Yoast SEO plugin. -->","yoast_head_json":{"title":"Prestations de Communication - Jeunes Agriculteurs de Gironde","description":"Depuis 2023, le syndicat des JA Gironde vous propose cette prestation. L'objectif est de vous aider \u00e0 se lancer dans la cr\u00e9ation de contenus digitaux. C'est aujourd'hui un moyen essentiel de toucher sa client\u00e8le et de la fid\u00e9liser.","robots":{"index":"index","follow":"follow","max-snippet":"max-snippet:-1","max-image-preview":"max-image-preview:large","max-video-preview":"max-video-preview:-1"},"canonical":"https:\/\/ja33.fr\/?page_id=1297","og_locale":"fr_FR","og_type":"article","og_title":"Prestations de Communication - Jeunes Agriculteurs de Gironde","og_description":"Depuis 2023, le syndicat des JA Gironde vous propose cette prestation. L'objectif est de vous aider \u00e0 se lancer dans la cr\u00e9ation de contenus digitaux. C'est aujourd'hui un moyen essentiel de toucher sa client\u00e8le et de la fid\u00e9liser.","og_url":"https:\/\/ja33.fr\/?page_id=1297","og_site_name":"Jeunes Agriculteurs de Gironde","article_modified_time":"2024-10-09T13:56:15+00:00","og_image":[{"url":"https:\/\/ja33.fr\/wp-content\/uploads\/2024\/10\/Flyers-presta-de-services-724x1024.png"}],"twitter_card":"summary_large_image","twitter_misc":{"Dur\u00e9e de lecture estim\u00e9e":"1 minute"},"schema":{"@context":"https:\/\/schema.org","@graph":[{"@type":"WebPage","@id":"https:\/\/ja33.fr\/?page_id=1297","url":"https:\/\/ja33.fr\/?page_id=1297","name":"Prestations de Communication - Jeunes Agriculteurs de Gironde","isPartOf":{"@id":"https:\/\/ja33.fr\/#website"},"primaryImageOfPage":{"@id":"https:\/\/ja33.fr\/?page_id=1297#primaryimage"},"image":{"@id":"https:\/\/ja33.fr\/?page_id=1297#primaryimage"},"thumbnailUrl":"https:\/\/ja33.fr\/wp-content\/uploads\/2024\/10\/Flyers-presta-de-services-724x1024.png","datePublished":"2024-10-09T13:56:13+00:00","dateModified":"2024-10-09T13:56:15+00:00","description":"Depuis 2023, le syndicat des JA Gironde vous propose cette prestation. L'objectif est de vous aider \u00e0 se lancer dans la cr\u00e9ation de contenus digitaux. C'est aujourd'hui un moyen essentiel de toucher sa client\u00e8le et de la fid\u00e9liser.","breadcrumb":{"@id":"https:\/\/ja33.fr\/?page_id=1297#breadcrumb"},"inLanguage":"fr-FR","potentialAction":[{"@type":"ReadAction","target":["https:\/\/ja33.fr\/?page_id=1297"]}]},{"@type":"ImageObject","inLanguage":"fr-FR","@id":"https:\/\/ja33.fr\/?page_id=1297#primaryimage","url":"https:\/\/ja33.fr\/wp-content\/uploads\/2024\/10\/Flyers-presta-de-services.png","contentUrl":"https:\/\/ja33.fr\/wp-content\/uploads\/2024\/10\/Flyers-presta-de-services.png","width":1414,"height":2000},{"@type":"BreadcrumbList","@id":"https:\/\/ja33.fr\/?page_id=1297#breadcrumb","itemListElement":[{"@type":"ListItem","position":1,"name":"Accueil","item":"https:\/\/ja33.fr\/"},{"@type":"ListItem","position":2,"name":"Prestations de Communication"}]},{"@type":"WebSite","@id":"https:\/\/ja33.fr\/#website","url":"https:\/\/ja33.fr\/","name":"Jeunes Agriculteurs de Gironde","description":"","publisher":{"@id":"https:\/\/ja33.fr\/#organization"},"potentialAction":[{"@type":"SearchAction","target":{"@type":"EntryPoint","urlTemplate":"https:\/\/ja33.fr\/?s={search_term_string}"},"query-input":{"@type":"PropertyValueSpecification","valueRequired":true,"valueName":"search_term_string"}}],"inLanguage":"fr-FR"},{"@type":"Organization","@id":"https:\/\/ja33.fr\/#organization","name":"Jeunes Agriculteurs de Gironde","url":"https:\/\/ja33.fr\/","logo":{"@type":"ImageObject","inLanguage":"fr-FR","@id":"https:\/\/ja33.fr\/#\/schema\/logo\/image\/","url":"https:\/\/ja33.fr\/wp-content\/uploads\/2023\/11\/Logo_JA33_blanc.png","contentUrl":"https:\/\/ja33.fr\/wp-content\/uploads\/2023\/11\/Logo_JA33_blanc.png","width":2235,"height":1955,"caption":"Jeunes Agriculteurs de Gironde"},"image":{"@id":"https:\/\/ja33.fr\/#\/schema\/logo\/image\/"}}]}},"_links":{"self":[{"href":"https:\/\/ja33.fr\/index.php?rest_route=\/wp\/v2\/pages\/1297","targetHints":{"allow":["GET"]}}],"collection":[{"href":"https:\/\/ja33.fr\/index.php?rest_route=\/wp\/v2\/pages"}],"about":[{"href":"https:\/\/ja33.fr\/index.php?rest_route=\/wp\/v2\/types\/page"}],"author":[{"embeddable":true,"href":"https:\/\/ja33.fr\/index.php?rest_route=\/wp\/v2\/users\/1"}],"replies":[{"embeddable":true,"href":"https:\/\/ja33.fr\/index.php?rest_route=%2Fwp%2Fv2%2Fcomments&post=1297"}],"version-history":[{"count":17,"href":"https:\/\/ja33.fr\/index.php?rest_route=\/wp\/v2\/pages\/1297\/revisions"}],"predecessor-version":[{"id":1389,"href":"https:\/\/ja33.fr\/index.php?rest_route=\/wp\/v2\/pages\/1297\/revisions\/1389"}],"wp:attachment":[{"href":"https:\/\/ja33.fr\/index.php?rest_route=%2Fwp%2Fv2%2Fmedia&parent=1297"}],"curies":[{"name":"wp","href":"https:\/\/api.w.org\/{rel}","templated":true}]}}