{"id":1289,"date":"2024-10-02T10:29:05","date_gmt":"2024-10-02T08:29:05","guid":{"rendered":"https:\/\/ja33.fr\/?page_id=1289"},"modified":"2024-10-04T11:05:37","modified_gmt":"2024-10-04T09:05:37","slug":"faire-face-a-la-crise","status":"publish","type":"page","link":"https:\/\/ja33.fr\/?page_id=1289","title":{"rendered":"Faire Face \u00e0 la crise"},"content":{"rendered":"\n<p>Dans cette p\u00e9riode compliqu\u00e9e, nous mettons sur cette page des documents qui pourront vous \u00eatre utiles et vous aider pour traverser au mieux cette crise.<\/p>\n\n\n\n<div class=\"wp-block-columns is-layout-flex wp-container-core-columns-is-layout-28f84493 wp-block-columns-is-layout-flex\">\n<div class=\"wp-block-column is-layout-flow wp-block-column-is-layout-flow\">\n<figure class=\"wp-block-image size-large\"><img fetchpriority=\"high\" decoding=\"async\" width=\"724\" height=\"1024\" src=\"https:\/\/ja33.fr\/wp-content\/uploads\/2024\/10\/Entreprise-en-difficulte-1_page-0001-724x1024.jpg\" alt=\"\" class=\"wp-image-1292\" srcset=\"https:\/\/ja33.fr\/wp-content\/uploads\/2024\/10\/Entreprise-en-difficulte-1_page-0001-724x1024.jpg 724w, https:\/\/ja33.fr\/wp-content\/uploads\/2024\/10\/Entreprise-en-difficulte-1_page-0001-212x300.jpg 212w, https:\/\/ja33.fr\/wp-content\/uploads\/2024\/10\/Entreprise-en-difficulte-1_page-0001.jpg 1240w\" sizes=\"(max-width: 724px) 100vw, 724px\" \/><\/figure>\n<\/div>\n\n\n\n<div class=\"wp-block-column is-layout-flow wp-block-column-is-layout-flow\">\n<figure class=\"wp-block-image size-large\"><img decoding=\"async\" width=\"724\" height=\"1024\" src=\"https:\/\/ja33.fr\/wp-content\/uploads\/2024\/10\/Entreprise-en-difficulte-2_page-0001-724x1024.jpg\" alt=\"\" class=\"wp-image-1293\" srcset=\"https:\/\/ja33.fr\/wp-content\/uploads\/2024\/10\/Entreprise-en-difficulte-2_page-0001-724x1024.jpg 724w, https:\/\/ja33.fr\/wp-content\/uploads\/2024\/10\/Entreprise-en-difficulte-2_page-0001-212x300.jpg 212w, https:\/\/ja33.fr\/wp-content\/uploads\/2024\/10\/Entreprise-en-difficulte-2_page-0001.jpg 1240w\" sizes=\"(max-width: 724px) 100vw, 724px\" \/><\/figure>\n<\/div>\n\n\n\n<div class=\"wp-block-column is-layout-flow wp-block-column-is-layout-flow\">\n<figure class=\"wp-block-image size-large\"><img decoding=\"async\" width=\"724\" height=\"1024\" src=\"https:\/\/ja33.fr\/wp-content\/uploads\/2024\/10\/Entreprise-en-difficulte-3_page-0001-724x1024.jpg\" alt=\"\" class=\"wp-image-1294\" srcset=\"https:\/\/ja33.fr\/wp-content\/uploads\/2024\/10\/Entreprise-en-difficulte-3_page-0001-724x1024.jpg 724w, https:\/\/ja33.fr\/wp-content\/uploads\/2024\/10\/Entreprise-en-difficulte-3_page-0001-212x300.jpg 212w, https:\/\/ja33.fr\/wp-content\/uploads\/2024\/10\/Entreprise-en-difficulte-3_page-0001.jpg 1240w\" sizes=\"(max-width: 724px) 100vw, 724px\" \/><\/figure>\n<\/div>\n<\/div>\n\n\n\n<p>Retrouver ce document en version PDF <a href=\"https:\/\/drive.google.com\/file\/d\/1-iff6zju0t4dyVnkgW05ZQQSuh1lLpjr\/view?usp=sharing\" data-type=\"link\" data-id=\"https:\/\/drive.google.com\/file\/d\/1-iff6zju0t4dyVnkgW05ZQQSuh1lLpjr\/view?usp=sharing\">ici<\/a>.<\/p>\n\n\n\n<p>&nbsp;<\/p>\n\n\n\n<p><\/p>\n","protected":false},"excerpt":{"rendered":"<p>Dans cette p\u00e9riode compliqu\u00e9e, nous mettons sur cette page des documents qui pourront vous \u00eatre utiles et vous aider pour traverser au mieux cette crise. Retrouver ce document en version PDF ici. &nbsp;<\/p>\n","protected":false},"author":1,"featured_media":0,"parent":9,"menu_order":1,"comment_status":"closed","ping_status":"closed","template":"","meta":{"_seopress_robots_primary_cat":"","_seopress_titles_title":"Faire face \u00e0 la crise %%sep%% %%sitetitle%%","_seopress_titles_desc":"","_seopress_robots_index":"","footnotes":""},"class_list":["post-1289","page","type-page","status-publish","hentry"],"yoast_head":"<!-- This site is optimized with the Yoast SEO plugin v23.5 - https:\/\/yoast.com\/wordpress\/plugins\/seo\/ -->\n<title>Faire Face \u00e0 la crise - Jeunes Agriculteurs de Gironde<\/title>\n<meta name=\"robots\" content=\"index, follow, max-snippet:-1, max-image-preview:large, max-video-preview:-1\" \/>\n<link rel=\"canonical\" href=\"https:\/\/ja33.fr\/?page_id=1289\" \/>\n<meta property=\"og:locale\" content=\"fr_FR\" \/>\n<meta property=\"og:type\" content=\"article\" \/>\n<meta property=\"og:title\" content=\"Faire Face \u00e0 la crise - Jeunes Agriculteurs de Gironde\" \/>\n<meta property=\"og:description\" content=\"Dans cette p\u00e9riode compliqu\u00e9e, nous mettons sur cette page des documents qui pourront vous \u00eatre utiles et vous aider pour traverser au mieux cette crise. Retrouver ce document en version PDF ici. &nbsp;\" \/>\n<meta property=\"og:url\" content=\"https:\/\/ja33.fr\/?page_id=1289\" \/>\n<meta property=\"og:site_name\" content=\"Jeunes Agriculteurs de Gironde\" \/>\n<meta property=\"article:modified_time\" content=\"2024-10-04T09:05:37+00:00\" \/>\n<meta property=\"og:image\" content=\"https:\/\/ja33.fr\/wp-content\/uploads\/2024\/10\/Entreprise-en-difficulte-1_page-0001-724x1024.jpg\" \/>\n<meta name=\"twitter:card\" content=\"summary_large_image\" \/>\n<meta name=\"twitter:label1\" content=\"Dur\u00e9e de lecture estim\u00e9e\" \/>\n\t<meta name=\"twitter:data1\" content=\"1 minute\" \/>\n<script type=\"application\/ld+json\" class=\"yoast-schema-graph\">{\"@context\":\"https:\/\/schema.org\",\"@graph\":[{\"@type\":\"WebPage\",\"@id\":\"https:\/\/ja33.fr\/?page_id=1289\",\"url\":\"https:\/\/ja33.fr\/?page_id=1289\",\"name\":\"Faire Face \u00e0 la crise - Jeunes Agriculteurs de Gironde\",\"isPartOf\":{\"@id\":\"https:\/\/ja33.fr\/#website\"},\"primaryImageOfPage\":{\"@id\":\"https:\/\/ja33.fr\/?page_id=1289#primaryimage\"},\"image\":{\"@id\":\"https:\/\/ja33.fr\/?page_id=1289#primaryimage\"},\"thumbnailUrl\":\"https:\/\/ja33.fr\/wp-content\/uploads\/2024\/10\/Entreprise-en-difficulte-1_page-0001-724x1024.jpg\",\"datePublished\":\"2024-10-02T08:29:05+00:00\",\"dateModified\":\"2024-10-04T09:05:37+00:00\",\"breadcrumb\":{\"@id\":\"https:\/\/ja33.fr\/?page_id=1289#breadcrumb\"},\"inLanguage\":\"fr-FR\",\"potentialAction\":[{\"@type\":\"ReadAction\",\"target\":[\"https:\/\/ja33.fr\/?page_id=1289\"]}]},{\"@type\":\"ImageObject\",\"inLanguage\":\"fr-FR\",\"@id\":\"https:\/\/ja33.fr\/?page_id=1289#primaryimage\",\"url\":\"https:\/\/ja33.fr\/wp-content\/uploads\/2024\/10\/Entreprise-en-difficulte-1_page-0001.jpg\",\"contentUrl\":\"https:\/\/ja33.fr\/wp-content\/uploads\/2024\/10\/Entreprise-en-difficulte-1_page-0001.jpg\",\"width\":1240,\"height\":1755},{\"@type\":\"BreadcrumbList\",\"@id\":\"https:\/\/ja33.fr\/?page_id=1289#breadcrumb\",\"itemListElement\":[{\"@type\":\"ListItem\",\"position\":1,\"name\":\"Accueil\",\"item\":\"https:\/\/ja33.fr\/\"},{\"@type\":\"ListItem\",\"position\":2,\"name\":\"Nos Actus\",\"item\":\"https:\/\/ja33.fr\/?page_id=9\"},{\"@type\":\"ListItem\",\"position\":3,\"name\":\"Faire Face \u00e0 la crise\"}]},{\"@type\":\"WebSite\",\"@id\":\"https:\/\/ja33.fr\/#website\",\"url\":\"https:\/\/ja33.fr\/\",\"name\":\"Jeunes Agriculteurs de Gironde\",\"description\":\"\",\"publisher\":{\"@id\":\"https:\/\/ja33.fr\/#organization\"},\"potentialAction\":[{\"@type\":\"SearchAction\",\"target\":{\"@type\":\"EntryPoint\",\"urlTemplate\":\"https:\/\/ja33.fr\/?s={search_term_string}\"},\"query-input\":{\"@type\":\"PropertyValueSpecification\",\"valueRequired\":true,\"valueName\":\"search_term_string\"}}],\"inLanguage\":\"fr-FR\"},{\"@type\":\"Organization\",\"@id\":\"https:\/\/ja33.fr\/#organization\",\"name\":\"Jeunes Agriculteurs de Gironde\",\"url\":\"https:\/\/ja33.fr\/\",\"logo\":{\"@type\":\"ImageObject\",\"inLanguage\":\"fr-FR\",\"@id\":\"https:\/\/ja33.fr\/#\/schema\/logo\/image\/\",\"url\":\"https:\/\/ja33.fr\/wp-content\/uploads\/2023\/11\/Logo_JA33_blanc.png\",\"contentUrl\":\"https:\/\/ja33.fr\/wp-content\/uploads\/2023\/11\/Logo_JA33_blanc.png\",\"width\":2235,\"height\":1955,\"caption\":\"Jeunes Agriculteurs de Gironde\"},\"image\":{\"@id\":\"https:\/\/ja33.fr\/#\/schema\/logo\/image\/\"}}]}<\/script>\n<!-- \/ Yoast SEO plugin. -->","yoast_head_json":{"title":"Faire Face \u00e0 la crise - Jeunes Agriculteurs de Gironde","robots":{"index":"index","follow":"follow","max-snippet":"max-snippet:-1","max-image-preview":"max-image-preview:large","max-video-preview":"max-video-preview:-1"},"canonical":"https:\/\/ja33.fr\/?page_id=1289","og_locale":"fr_FR","og_type":"article","og_title":"Faire Face \u00e0 la crise - Jeunes Agriculteurs de Gironde","og_description":"Dans cette p\u00e9riode compliqu\u00e9e, nous mettons sur cette page des documents qui pourront vous \u00eatre utiles et vous aider pour traverser au mieux cette crise. Retrouver ce document en version PDF ici. &nbsp;","og_url":"https:\/\/ja33.fr\/?page_id=1289","og_site_name":"Jeunes Agriculteurs de Gironde","article_modified_time":"2024-10-04T09:05:37+00:00","og_image":[{"url":"https:\/\/ja33.fr\/wp-content\/uploads\/2024\/10\/Entreprise-en-difficulte-1_page-0001-724x1024.jpg"}],"twitter_card":"summary_large_image","twitter_misc":{"Dur\u00e9e de lecture estim\u00e9e":"1 minute"},"schema":{"@context":"https:\/\/schema.org","@graph":[{"@type":"WebPage","@id":"https:\/\/ja33.fr\/?page_id=1289","url":"https:\/\/ja33.fr\/?page_id=1289","name":"Faire Face \u00e0 la crise - Jeunes Agriculteurs de Gironde","isPartOf":{"@id":"https:\/\/ja33.fr\/#website"},"primaryImageOfPage":{"@id":"https:\/\/ja33.fr\/?page_id=1289#primaryimage"},"image":{"@id":"https:\/\/ja33.fr\/?page_id=1289#primaryimage"},"thumbnailUrl":"https:\/\/ja33.fr\/wp-content\/uploads\/2024\/10\/Entreprise-en-difficulte-1_page-0001-724x1024.jpg","datePublished":"2024-10-02T08:29:05+00:00","dateModified":"2024-10-04T09:05:37+00:00","breadcrumb":{"@id":"https:\/\/ja33.fr\/?page_id=1289#breadcrumb"},"inLanguage":"fr-FR","potentialAction":[{"@type":"ReadAction","target":["https:\/\/ja33.fr\/?page_id=1289"]}]},{"@type":"ImageObject","inLanguage":"fr-FR","@id":"https:\/\/ja33.fr\/?page_id=1289#primaryimage","url":"https:\/\/ja33.fr\/wp-content\/uploads\/2024\/10\/Entreprise-en-difficulte-1_page-0001.jpg","contentUrl":"https:\/\/ja33.fr\/wp-content\/uploads\/2024\/10\/Entreprise-en-difficulte-1_page-0001.jpg","width":1240,"height":1755},{"@type":"BreadcrumbList","@id":"https:\/\/ja33.fr\/?page_id=1289#breadcrumb","itemListElement":[{"@type":"ListItem","position":1,"name":"Accueil","item":"https:\/\/ja33.fr\/"},{"@type":"ListItem","position":2,"name":"Nos Actus","item":"https:\/\/ja33.fr\/?page_id=9"},{"@type":"ListItem","position":3,"name":"Faire Face \u00e0 la crise"}]},{"@type":"WebSite","@id":"https:\/\/ja33.fr\/#website","url":"https:\/\/ja33.fr\/","name":"Jeunes Agriculteurs de Gironde","description":"","publisher":{"@id":"https:\/\/ja33.fr\/#organization"},"potentialAction":[{"@type":"SearchAction","target":{"@type":"EntryPoint","urlTemplate":"https:\/\/ja33.fr\/?s={search_term_string}"},"query-input":{"@type":"PropertyValueSpecification","valueRequired":true,"valueName":"search_term_string"}}],"inLanguage":"fr-FR"},{"@type":"Organization","@id":"https:\/\/ja33.fr\/#organization","name":"Jeunes Agriculteurs de Gironde","url":"https:\/\/ja33.fr\/","logo":{"@type":"ImageObject","inLanguage":"fr-FR","@id":"https:\/\/ja33.fr\/#\/schema\/logo\/image\/","url":"https:\/\/ja33.fr\/wp-content\/uploads\/2023\/11\/Logo_JA33_blanc.png","contentUrl":"https:\/\/ja33.fr\/wp-content\/uploads\/2023\/11\/Logo_JA33_blanc.png","width":2235,"height":1955,"caption":"Jeunes Agriculteurs de Gironde"},"image":{"@id":"https:\/\/ja33.fr\/#\/schema\/logo\/image\/"}}]}},"_links":{"self":[{"href":"https:\/\/ja33.fr\/index.php?rest_route=\/wp\/v2\/pages\/1289","targetHints":{"allow":["GET"]}}],"collection":[{"href":"https:\/\/ja33.fr\/index.php?rest_route=\/wp\/v2\/pages"}],"about":[{"href":"https:\/\/ja33.fr\/index.php?rest_route=\/wp\/v2\/types\/page"}],"author":[{"embeddable":true,"href":"https:\/\/ja33.fr\/index.php?rest_route=\/wp\/v2\/users\/1"}],"replies":[{"embeddable":true,"href":"https:\/\/ja33.fr\/index.php?rest_route=%2Fwp%2Fv2%2Fcomments&post=1289"}],"version-history":[{"count":5,"href":"https:\/\/ja33.fr\/index.php?rest_route=\/wp\/v2\/pages\/1289\/revisions"}],"predecessor-version":[{"id":1323,"href":"https:\/\/ja33.fr\/index.php?rest_route=\/wp\/v2\/pages\/1289\/revisions\/1323"}],"up":[{"embeddable":true,"href":"https:\/\/ja33.fr\/index.php?rest_route=\/wp\/v2\/pages\/9"}],"wp:attachment":[{"href":"https:\/\/ja33.fr\/index.php?rest_route=%2Fwp%2Fv2%2Fmedia&parent=1289"}],"curies":[{"name":"wp","href":"https:\/\/api.w.org\/{rel}","templated":true}]}}