{"id":108,"date":"2023-10-27T15:38:48","date_gmt":"2023-10-27T13:38:48","guid":{"rendered":"https:\/\/ja33.fr\/?page_id=108"},"modified":"2025-11-03T09:26:21","modified_gmt":"2025-11-03T08:26:21","slug":"le-coeur-de-ja","status":"publish","type":"page","link":"https:\/\/ja33.fr\/","title":{"rendered":"Le c\u0153ur de JA"},"content":{"rendered":"\n<div class=\"wp-block-group alignfull has-background has-global-padding is-layout-constrained wp-block-group-is-layout-constrained\" style=\"background-color:#e5e9ec\">\n<div class=\"wp-block-group has-global-padding is-layout-constrained wp-block-group-is-layout-constrained\" style=\"padding-top:var(--wp--preset--spacing--small);padding-bottom:var(--wp--preset--spacing--small)\">\n<div style=\"height:30px\" aria-hidden=\"true\" class=\"wp-block-spacer\"><\/div>\n\n\n\n<div class=\"wp-block-columns is-layout-flex wp-container-core-columns-is-layout-28f84493 wp-block-columns-is-layout-flex\">\n<div class=\"wp-block-column is-vertically-aligned-center is-layout-flow wp-block-column-is-layout-flow\">\n<h2 class=\"wp-block-heading\" style=\"font-size:clamp(14px, 0.875rem + ((1vw - 3.2px) * 0.354), 18px);\">L&rsquo;installation<\/h2>\n\n\n\n<p style=\"font-size:clamp(14px, 0.875rem + ((1vw - 3.2px) * 0.088), 15px);\">Pour que les agriculteurs soient nombreux, les territoires vivants, et que notre alimentation ait du sens, Jeunes Agriculteurs travaillent au quotidien pour faciliter l\u2019installation des jeunes. L\u2019installation selon JA, c\u2019est : un projet viable, vivable et transmissible, des jeunes form\u00e9s, un dispositif d&rsquo;accompagnement ouvert \u00e0 tous, une simplification des d\u00e9marches administratives.<\/p>\n<\/div>\n\n\n\n<div class=\"wp-block-column is-layout-flow wp-block-column-is-layout-flow\">\n<figure class=\"wp-block-image size-large is-resized\"><img fetchpriority=\"high\" decoding=\"async\" width=\"1024\" height=\"683\" src=\"https:\/\/ja33.fr\/wp-content\/uploads\/2023\/10\/daniel-dan-FMxvHTCRmw-unsplash-1024x683.jpg\" alt=\"\" class=\"wp-image-126\" style=\"aspect-ratio:1.499267935578331;width:405px;height:auto\" srcset=\"https:\/\/ja33.fr\/wp-content\/uploads\/2023\/10\/daniel-dan-FMxvHTCRmw-unsplash-1024x683.jpg 1024w, https:\/\/ja33.fr\/wp-content\/uploads\/2023\/10\/daniel-dan-FMxvHTCRmw-unsplash-300x200.jpg 300w, https:\/\/ja33.fr\/wp-content\/uploads\/2023\/10\/daniel-dan-FMxvHTCRmw-unsplash-768x512.jpg 768w, https:\/\/ja33.fr\/wp-content\/uploads\/2023\/10\/daniel-dan-FMxvHTCRmw-unsplash-1536x1024.jpg 1536w, https:\/\/ja33.fr\/wp-content\/uploads\/2023\/10\/daniel-dan-FMxvHTCRmw-unsplash-2048x1365.jpg 2048w, https:\/\/ja33.fr\/wp-content\/uploads\/2023\/10\/daniel-dan-FMxvHTCRmw-unsplash-2000x1333.jpg 2000w\" sizes=\"(max-width: 1024px) 100vw, 1024px\" \/><\/figure>\n<\/div>\n<\/div>\n<\/div>\n<\/div>\n\n\n\n<div class=\"wp-block-group alignfull has-global-padding is-layout-constrained wp-block-group-is-layout-constrained\">\n<div class=\"wp-block-group has-global-padding is-layout-constrained wp-block-group-is-layout-constrained\" style=\"padding-top:var(--wp--preset--spacing--small);padding-bottom:var(--wp--preset--spacing--small)\">\n<div style=\"height:30px\" aria-hidden=\"true\" class=\"wp-block-spacer\"><\/div>\n\n\n\n<div class=\"wp-block-columns are-vertically-aligned-center is-layout-flex wp-container-core-columns-is-layout-28f84493 wp-block-columns-is-layout-flex\">\n<div class=\"wp-block-column is-vertically-aligned-center is-layout-flow wp-block-column-is-layout-flow\">\n<figure class=\"wp-block-image size-large is-resized\"><img decoding=\"async\" width=\"1024\" height=\"681\" src=\"https:\/\/ja33.fr\/wp-content\/uploads\/2023\/10\/tony-pham-TV7m_tpmqhw-unsplash-1024x681.jpg\" alt=\"\" class=\"wp-image-127\" style=\"aspect-ratio:1.5036710719530102;width:404px;height:auto\" srcset=\"https:\/\/ja33.fr\/wp-content\/uploads\/2023\/10\/tony-pham-TV7m_tpmqhw-unsplash-1024x681.jpg 1024w, https:\/\/ja33.fr\/wp-content\/uploads\/2023\/10\/tony-pham-TV7m_tpmqhw-unsplash-300x199.jpg 300w, https:\/\/ja33.fr\/wp-content\/uploads\/2023\/10\/tony-pham-TV7m_tpmqhw-unsplash-768x511.jpg 768w, https:\/\/ja33.fr\/wp-content\/uploads\/2023\/10\/tony-pham-TV7m_tpmqhw-unsplash-1536x1021.jpg 1536w, https:\/\/ja33.fr\/wp-content\/uploads\/2023\/10\/tony-pham-TV7m_tpmqhw-unsplash-2048x1362.jpg 2048w, https:\/\/ja33.fr\/wp-content\/uploads\/2023\/10\/tony-pham-TV7m_tpmqhw-unsplash-2000x1330.jpg 2000w\" sizes=\"(max-width: 1024px) 100vw, 1024px\" \/><\/figure>\n<\/div>\n\n\n\n<div class=\"wp-block-column is-vertically-aligned-center is-layout-flow wp-block-column-is-layout-flow\">\n<h2 class=\"wp-block-heading\" style=\"font-size:clamp(14px, 0.875rem + ((1vw - 3.2px) * 0.354), 18px);\">Am\u00e9liorer le revenu des agriculteurs<\/h2>\n\n\n\n<p style=\"font-size:clamp(14px, 0.875rem + ((1vw - 3.2px) * 0.088), 15px);\">Pour les Jeunes Agriculteurs, il est primordial de renforcer la position des agriculteurs dans les fili\u00e8res alimentaires, d\u2019op\u00e9rer une mont\u00e9e en gamme et d\u2019encadrer davantage les relations commerciales pour les produits agricoles et alimentaires. L\u2019objectif : am\u00e9liorer le revenu des producteurs par davantage de cr\u00e9ation de valeur et sa meilleure r\u00e9partition.<\/p>\n<\/div>\n<\/div>\n<\/div>\n<\/div>\n\n\n\n<div class=\"wp-block-group alignfull has-background has-global-padding is-layout-constrained wp-block-group-is-layout-constrained\" style=\"background-color:#e5e9ec\">\n<div class=\"wp-block-group has-global-padding is-layout-constrained wp-block-group-is-layout-constrained\" style=\"padding-top:var(--wp--preset--spacing--small);padding-bottom:var(--wp--preset--spacing--small)\">\n<div style=\"height:30px\" aria-hidden=\"true\" class=\"wp-block-spacer\"><\/div>\n\n\n\n<div class=\"wp-block-columns is-layout-flex wp-container-core-columns-is-layout-28f84493 wp-block-columns-is-layout-flex\">\n<div class=\"wp-block-column is-vertically-aligned-center is-layout-flow wp-block-column-is-layout-flow\">\n<h2 class=\"wp-block-heading\" style=\"font-size:clamp(14px, 0.875rem + ((1vw - 3.2px) * 0.354), 18px);\">Environnement<\/h2>\n\n\n\n<p style=\"font-size:clamp(14px, 0.875rem + ((1vw - 3.2px) * 0.088), 15px);\">L\u2019agriculture doit faire face \u00e0 de nombreux d\u00e9fis environnementaux, notamment la pr\u00e9servation de la qualit\u00e9 des ressources (eau, sol, air, biodiversit\u00e9) et le changement climatique. De par son rapport direct \u00e0 la ressource et l\u2019ampleur de la surface qu\u2019elle occupe, elle poss\u00e8de un r\u00f4le primordial face \u00e0 ces enjeux. Premiers impact\u00e9s mais aussi acteurs de la premi\u00e8re ligne, les Jeunes Agriculteurs veulent se montrer \u00e0 la hauteur des enjeux.<\/p>\n<\/div>\n\n\n\n<div class=\"wp-block-column is-layout-flow wp-block-column-is-layout-flow\">\n<figure class=\"wp-block-image size-large is-resized\"><img decoding=\"async\" width=\"1024\" height=\"768\" src=\"https:\/\/ja33.fr\/wp-content\/uploads\/2023\/10\/angela-benito-WgGJjGN4_ck-unsplash-2-1024x768.jpg\" alt=\"\" class=\"wp-image-209\" style=\"aspect-ratio:1.3333333333333333;width:404px;height:auto\" srcset=\"https:\/\/ja33.fr\/wp-content\/uploads\/2023\/10\/angela-benito-WgGJjGN4_ck-unsplash-2-1024x768.jpg 1024w, https:\/\/ja33.fr\/wp-content\/uploads\/2023\/10\/angela-benito-WgGJjGN4_ck-unsplash-2-300x225.jpg 300w, https:\/\/ja33.fr\/wp-content\/uploads\/2023\/10\/angela-benito-WgGJjGN4_ck-unsplash-2-768x576.jpg 768w, https:\/\/ja33.fr\/wp-content\/uploads\/2023\/10\/angela-benito-WgGJjGN4_ck-unsplash-2-1536x1152.jpg 1536w, https:\/\/ja33.fr\/wp-content\/uploads\/2023\/10\/angela-benito-WgGJjGN4_ck-unsplash-2-2048x1536.jpg 2048w, https:\/\/ja33.fr\/wp-content\/uploads\/2023\/10\/angela-benito-WgGJjGN4_ck-unsplash-2-2000x1500.jpg 2000w\" sizes=\"(max-width: 1024px) 100vw, 1024px\" \/><\/figure>\n<\/div>\n<\/div>\n<\/div>\n<\/div>\n\n\n\n<div class=\"wp-block-group alignfull has-global-padding is-layout-constrained wp-block-group-is-layout-constrained\">\n<div class=\"wp-block-group has-global-padding is-layout-constrained wp-block-group-is-layout-constrained\" style=\"padding-top:var(--wp--preset--spacing--small);padding-bottom:var(--wp--preset--spacing--small)\">\n<div style=\"height:30px\" aria-hidden=\"true\" class=\"wp-block-spacer\"><\/div>\n\n\n\n<div class=\"wp-block-columns are-vertically-aligned-center is-layout-flex wp-container-core-columns-is-layout-28f84493 wp-block-columns-is-layout-flex\">\n<div class=\"wp-block-column is-vertically-aligned-center is-layout-flow wp-block-column-is-layout-flow\">\n<figure class=\"wp-block-image size-full is-resized\"><img loading=\"lazy\" decoding=\"async\" width=\"800\" height=\"533\" src=\"https:\/\/ja33.fr\/wp-content\/uploads\/2023\/10\/800_5cda5f1abfb70.webp\" alt=\"\" class=\"wp-image-129\" style=\"aspect-ratio:1.5009380863039399;width:403px;height:auto\" srcset=\"https:\/\/ja33.fr\/wp-content\/uploads\/2023\/10\/800_5cda5f1abfb70.webp 800w, https:\/\/ja33.fr\/wp-content\/uploads\/2023\/10\/800_5cda5f1abfb70-300x200.webp 300w, https:\/\/ja33.fr\/wp-content\/uploads\/2023\/10\/800_5cda5f1abfb70-768x512.webp 768w\" sizes=\"(max-width: 800px) 100vw, 800px\" \/><\/figure>\n<\/div>\n\n\n\n<div class=\"wp-block-column is-vertically-aligned-center is-layout-flow wp-block-column-is-layout-flow\">\n<h2 class=\"wp-block-heading\" style=\"font-size:clamp(14px, 0.875rem + ((1vw - 3.2px) * 0.354), 18px);\">Promotion du m\u00e9tier<\/h2>\n\n\n\n<p style=\"font-size:clamp(14px, 0.875rem + ((1vw - 3.2px) * 0.088), 15px);\">Informer, t\u00e9moigner : faire connaitre notre m\u00e9tier est indispensable pour le renouvellement des g\u00e9n\u00e9rations. 5 bonnes raisons de devenir agriculteur : Cr\u00e9ateur et gestionnaire d\u2019une entreprise ; Polyvalence et diversit\u00e9 des taches tout au long de la journ\u00e9e et de l\u2019ann\u00e9e ; Proximit\u00e9 de la nature, travail avec le vivant ; M\u00e9tier \u00e0 la pointe de la technologie ; Acteur du monde rural, cr\u00e9ateur d\u2019emploi et de valeur ajout\u00e9e sur un territoire, et plus largement de l\u2019\u00e9conomie nationale.<\/p>\n<\/div>\n<\/div>\n<\/div>\n<\/div>\n\n\n\n<div style=\"height:73px\" aria-hidden=\"true\" class=\"wp-block-spacer\"><\/div>\n\n\n\n<h1 class=\"wp-block-heading has-text-align-center\"><strong>Pr\u00e9sentation<\/strong><\/h1>\n\n\n\n<figure class=\"wp-block-embed is-type-video is-provider-youtube wp-block-embed-youtube wp-embed-aspect-16-9 wp-has-aspect-ratio\"><div class=\"wp-block-embed__wrapper\">\n<iframe title=\"&quot;Ce que nous sommes&quot; - Vid\u00e9o institutionnelle de Jeunes Agriculteurs\" width=\"950\" height=\"534\" src=\"https:\/\/www.youtube.com\/embed\/a-wFkoGyru4?feature=oembed\" frameborder=\"0\" allow=\"accelerometer; autoplay; clipboard-write; encrypted-media; gyroscope; picture-in-picture; web-share\" referrerpolicy=\"strict-origin-when-cross-origin\" allowfullscreen><\/iframe>\n<\/div><\/figure>\n\n\n\n<div style=\"height:73px\" aria-hidden=\"true\" class=\"wp-block-spacer\"><\/div>\n","protected":false},"excerpt":{"rendered":"<p>L&rsquo;installation Pour que les agriculteurs soient nombreux, les territoires vivants, et que notre alimentation ait du sens, Jeunes Agriculteurs travaillent au quotidien pour faciliter l\u2019installation des jeunes. L\u2019installation selon JA, c\u2019est : un projet viable, vivable et transmissible, des jeunes form\u00e9s, un dispositif d&rsquo;accompagnement ouvert \u00e0 tous, une simplification des d\u00e9marches administratives. Am\u00e9liorer le revenu &hellip; <\/p>\n<p class=\"link-more\"><a href=\"https:\/\/ja33.fr\/\" class=\"more-link\">Lire la suite de<span class=\"screen-reader-text\">\u00ab\u00a0Le c\u0153ur de JA\u00a0\u00bb<\/span><\/a><\/p>\n","protected":false},"author":1,"featured_media":0,"parent":0,"menu_order":0,"comment_status":"closed","ping_status":"closed","template":"","meta":{"_seopress_robots_primary_cat":"","_seopress_titles_title":"","_seopress_titles_desc":"","_seopress_robots_index":"","footnotes":""},"class_list":["post-108","page","type-page","status-publish","hentry"],"yoast_head":"<!-- This site is optimized with the Yoast SEO plugin v23.5 - https:\/\/yoast.com\/wordpress\/plugins\/seo\/ -->\n<title>Le c\u0153ur de JA - Jeunes Agriculteurs de Gironde<\/title>\n<meta name=\"robots\" content=\"index, follow, max-snippet:-1, max-image-preview:large, max-video-preview:-1\" \/>\n<link rel=\"canonical\" href=\"https:\/\/ja33.fr\/\" \/>\n<meta property=\"og:locale\" content=\"fr_FR\" \/>\n<meta property=\"og:type\" content=\"article\" \/>\n<meta property=\"og:title\" content=\"Le c\u0153ur de JA - Jeunes Agriculteurs de Gironde\" \/>\n<meta property=\"og:description\" content=\"L&rsquo;installation Pour que les agriculteurs soient nombreux, les territoires vivants, et que notre alimentation ait du sens, Jeunes Agriculteurs travaillent au quotidien pour faciliter l\u2019installation des jeunes. L\u2019installation selon JA, c\u2019est : un projet viable, vivable et transmissible, des jeunes form\u00e9s, un dispositif d&rsquo;accompagnement ouvert \u00e0 tous, une simplification des d\u00e9marches administratives. Am\u00e9liorer le revenu &hellip; Lire la suite de\u00ab\u00a0Le c\u0153ur de JA\u00a0\u00bb\" \/>\n<meta property=\"og:url\" content=\"https:\/\/ja33.fr\/\" \/>\n<meta property=\"og:site_name\" content=\"Jeunes Agriculteurs de Gironde\" \/>\n<meta property=\"article:modified_time\" content=\"2025-11-03T08:26:21+00:00\" \/>\n<meta property=\"og:image\" content=\"https:\/\/ja33.fr\/wp-content\/uploads\/2023\/10\/daniel-dan-FMxvHTCRmw-unsplash-1024x683.jpg\" \/>\n<meta name=\"twitter:card\" content=\"summary_large_image\" \/>\n<meta name=\"twitter:label1\" content=\"Dur\u00e9e de lecture estim\u00e9e\" \/>\n\t<meta name=\"twitter:data1\" content=\"3 minutes\" \/>\n<script type=\"application\/ld+json\" class=\"yoast-schema-graph\">{\"@context\":\"https:\/\/schema.org\",\"@graph\":[{\"@type\":\"WebPage\",\"@id\":\"https:\/\/ja33.fr\/\",\"url\":\"https:\/\/ja33.fr\/\",\"name\":\"Le c\u0153ur de JA - Jeunes Agriculteurs de Gironde\",\"isPartOf\":{\"@id\":\"https:\/\/ja33.fr\/#website\"},\"primaryImageOfPage\":{\"@id\":\"https:\/\/ja33.fr\/#primaryimage\"},\"image\":{\"@id\":\"https:\/\/ja33.fr\/#primaryimage\"},\"thumbnailUrl\":\"https:\/\/ja33.fr\/wp-content\/uploads\/2023\/10\/daniel-dan-FMxvHTCRmw-unsplash-1024x683.jpg\",\"datePublished\":\"2023-10-27T13:38:48+00:00\",\"dateModified\":\"2025-11-03T08:26:21+00:00\",\"breadcrumb\":{\"@id\":\"https:\/\/ja33.fr\/#breadcrumb\"},\"inLanguage\":\"fr-FR\",\"potentialAction\":[{\"@type\":\"ReadAction\",\"target\":[\"https:\/\/ja33.fr\/\"]}]},{\"@type\":\"ImageObject\",\"inLanguage\":\"fr-FR\",\"@id\":\"https:\/\/ja33.fr\/#primaryimage\",\"url\":\"https:\/\/ja33.fr\/wp-content\/uploads\/2023\/10\/daniel-dan-FMxvHTCRmw-unsplash-scaled.jpg\",\"contentUrl\":\"https:\/\/ja33.fr\/wp-content\/uploads\/2023\/10\/daniel-dan-FMxvHTCRmw-unsplash-scaled.jpg\",\"width\":2560,\"height\":1707},{\"@type\":\"BreadcrumbList\",\"@id\":\"https:\/\/ja33.fr\/#breadcrumb\",\"itemListElement\":[{\"@type\":\"ListItem\",\"position\":1,\"name\":\"Accueil\",\"item\":\"https:\/\/ja33.fr\/\"},{\"@type\":\"ListItem\",\"position\":2,\"name\":\"Le c\u0153ur de JA\"}]},{\"@type\":\"WebSite\",\"@id\":\"https:\/\/ja33.fr\/#website\",\"url\":\"https:\/\/ja33.fr\/\",\"name\":\"Jeunes Agriculteurs de Gironde\",\"description\":\"\",\"publisher\":{\"@id\":\"https:\/\/ja33.fr\/#organization\"},\"potentialAction\":[{\"@type\":\"SearchAction\",\"target\":{\"@type\":\"EntryPoint\",\"urlTemplate\":\"https:\/\/ja33.fr\/?s={search_term_string}\"},\"query-input\":{\"@type\":\"PropertyValueSpecification\",\"valueRequired\":true,\"valueName\":\"search_term_string\"}}],\"inLanguage\":\"fr-FR\"},{\"@type\":\"Organization\",\"@id\":\"https:\/\/ja33.fr\/#organization\",\"name\":\"Jeunes Agriculteurs de Gironde\",\"url\":\"https:\/\/ja33.fr\/\",\"logo\":{\"@type\":\"ImageObject\",\"inLanguage\":\"fr-FR\",\"@id\":\"https:\/\/ja33.fr\/#\/schema\/logo\/image\/\",\"url\":\"https:\/\/ja33.fr\/wp-content\/uploads\/2023\/11\/Logo_JA33_blanc.png\",\"contentUrl\":\"https:\/\/ja33.fr\/wp-content\/uploads\/2023\/11\/Logo_JA33_blanc.png\",\"width\":2235,\"height\":1955,\"caption\":\"Jeunes Agriculteurs de Gironde\"},\"image\":{\"@id\":\"https:\/\/ja33.fr\/#\/schema\/logo\/image\/\"}}]}<\/script>\n<!-- \/ Yoast SEO plugin. -->","yoast_head_json":{"title":"Le c\u0153ur de JA - Jeunes Agriculteurs de Gironde","robots":{"index":"index","follow":"follow","max-snippet":"max-snippet:-1","max-image-preview":"max-image-preview:large","max-video-preview":"max-video-preview:-1"},"canonical":"https:\/\/ja33.fr\/","og_locale":"fr_FR","og_type":"article","og_title":"Le c\u0153ur de JA - Jeunes Agriculteurs de Gironde","og_description":"L&rsquo;installation Pour que les agriculteurs soient nombreux, les territoires vivants, et que notre alimentation ait du sens, Jeunes Agriculteurs travaillent au quotidien pour faciliter l\u2019installation des jeunes. L\u2019installation selon JA, c\u2019est : un projet viable, vivable et transmissible, des jeunes form\u00e9s, un dispositif d&rsquo;accompagnement ouvert \u00e0 tous, une simplification des d\u00e9marches administratives. Am\u00e9liorer le revenu &hellip; Lire la suite de\u00ab\u00a0Le c\u0153ur de JA\u00a0\u00bb","og_url":"https:\/\/ja33.fr\/","og_site_name":"Jeunes Agriculteurs de Gironde","article_modified_time":"2025-11-03T08:26:21+00:00","og_image":[{"url":"https:\/\/ja33.fr\/wp-content\/uploads\/2023\/10\/daniel-dan-FMxvHTCRmw-unsplash-1024x683.jpg"}],"twitter_card":"summary_large_image","twitter_misc":{"Dur\u00e9e de lecture estim\u00e9e":"3 minutes"},"schema":{"@context":"https:\/\/schema.org","@graph":[{"@type":"WebPage","@id":"https:\/\/ja33.fr\/","url":"https:\/\/ja33.fr\/","name":"Le c\u0153ur de JA - Jeunes Agriculteurs de Gironde","isPartOf":{"@id":"https:\/\/ja33.fr\/#website"},"primaryImageOfPage":{"@id":"https:\/\/ja33.fr\/#primaryimage"},"image":{"@id":"https:\/\/ja33.fr\/#primaryimage"},"thumbnailUrl":"https:\/\/ja33.fr\/wp-content\/uploads\/2023\/10\/daniel-dan-FMxvHTCRmw-unsplash-1024x683.jpg","datePublished":"2023-10-27T13:38:48+00:00","dateModified":"2025-11-03T08:26:21+00:00","breadcrumb":{"@id":"https:\/\/ja33.fr\/#breadcrumb"},"inLanguage":"fr-FR","potentialAction":[{"@type":"ReadAction","target":["https:\/\/ja33.fr\/"]}]},{"@type":"ImageObject","inLanguage":"fr-FR","@id":"https:\/\/ja33.fr\/#primaryimage","url":"https:\/\/ja33.fr\/wp-content\/uploads\/2023\/10\/daniel-dan-FMxvHTCRmw-unsplash-scaled.jpg","contentUrl":"https:\/\/ja33.fr\/wp-content\/uploads\/2023\/10\/daniel-dan-FMxvHTCRmw-unsplash-scaled.jpg","width":2560,"height":1707},{"@type":"BreadcrumbList","@id":"https:\/\/ja33.fr\/#breadcrumb","itemListElement":[{"@type":"ListItem","position":1,"name":"Accueil","item":"https:\/\/ja33.fr\/"},{"@type":"ListItem","position":2,"name":"Le c\u0153ur de JA"}]},{"@type":"WebSite","@id":"https:\/\/ja33.fr\/#website","url":"https:\/\/ja33.fr\/","name":"Jeunes Agriculteurs de Gironde","description":"","publisher":{"@id":"https:\/\/ja33.fr\/#organization"},"potentialAction":[{"@type":"SearchAction","target":{"@type":"EntryPoint","urlTemplate":"https:\/\/ja33.fr\/?s={search_term_string}"},"query-input":{"@type":"PropertyValueSpecification","valueRequired":true,"valueName":"search_term_string"}}],"inLanguage":"fr-FR"},{"@type":"Organization","@id":"https:\/\/ja33.fr\/#organization","name":"Jeunes Agriculteurs de Gironde","url":"https:\/\/ja33.fr\/","logo":{"@type":"ImageObject","inLanguage":"fr-FR","@id":"https:\/\/ja33.fr\/#\/schema\/logo\/image\/","url":"https:\/\/ja33.fr\/wp-content\/uploads\/2023\/11\/Logo_JA33_blanc.png","contentUrl":"https:\/\/ja33.fr\/wp-content\/uploads\/2023\/11\/Logo_JA33_blanc.png","width":2235,"height":1955,"caption":"Jeunes Agriculteurs de Gironde"},"image":{"@id":"https:\/\/ja33.fr\/#\/schema\/logo\/image\/"}}]}},"_links":{"self":[{"href":"https:\/\/ja33.fr\/index.php?rest_route=\/wp\/v2\/pages\/108","targetHints":{"allow":["GET"]}}],"collection":[{"href":"https:\/\/ja33.fr\/index.php?rest_route=\/wp\/v2\/pages"}],"about":[{"href":"https:\/\/ja33.fr\/index.php?rest_route=\/wp\/v2\/types\/page"}],"author":[{"embeddable":true,"href":"https:\/\/ja33.fr\/index.php?rest_route=\/wp\/v2\/users\/1"}],"replies":[{"embeddable":true,"href":"https:\/\/ja33.fr\/index.php?rest_route=%2Fwp%2Fv2%2Fcomments&post=108"}],"version-history":[{"count":48,"href":"https:\/\/ja33.fr\/index.php?rest_route=\/wp\/v2\/pages\/108\/revisions"}],"predecessor-version":[{"id":1405,"href":"https:\/\/ja33.fr\/index.php?rest_route=\/wp\/v2\/pages\/108\/revisions\/1405"}],"wp:attachment":[{"href":"https:\/\/ja33.fr\/index.php?rest_route=%2Fwp%2Fv2%2Fmedia&parent=108"}],"curies":[{"name":"wp","href":"https:\/\/api.w.org\/{rel}","templated":true}]}}